{"id":134,"date":"2021-09-17T10:33:12","date_gmt":"2021-09-17T10:33:12","guid":{"rendered":"https:\/\/wordpress-722045-2402992.cloudwaysapps.com\/?page_id=305"},"modified":"2026-03-25T19:59:05","modified_gmt":"2026-03-25T18:59:05","slug":"contact","status":"publish","type":"page","link":"https:\/\/regiondunzi.com\/?page_id=134","title":{"rendered":"Contact"},"content":{"rendered":"\t\t<div data-elementor-type=\"wp-page\" data-elementor-id=\"134\" class=\"elementor elementor-134\">\n\t\t\t\t\t\t<section class=\"elementor-section elementor-top-section elementor-element elementor-element-128cf50 elementor-section-full_width elementor-section-stretched elementor-section-height-default elementor-section-height-default\" data-id=\"128cf50\" data-element_type=\"section\" data-e-type=\"section\" data-settings=\"{&quot;stretch_section&quot;:&quot;section-stretched&quot;}\">\n\t\t\t\t\t\t<div class=\"elementor-container elementor-column-gap-no\">\n\t\t\t\t\t<div class=\"elementor-column elementor-col-100 elementor-top-column elementor-element elementor-element-72c26db8\" data-id=\"72c26db8\" data-element_type=\"column\" data-e-type=\"column\">\n\t\t\t<div class=\"elementor-widget-wrap elementor-element-populated\">\n\t\t\t\t\t\t<div class=\"elementor-element elementor-element-5cb402c5 elementor-widget elementor-widget-listeo-address-box\" data-id=\"5cb402c5\" data-element_type=\"widget\" data-e-type=\"widget\" data-widget_type=\"listeo-address-box.default\">\n\t\t\t\t<div class=\"elementor-widget-container\">\n\t\t\t\t\t\t\t\n\t\t<div class=\"contact-map margin-bottom-55\">\n\n\t\t\t<!-- Google Maps -->\n\t\t\t<div id=\"singleListingMap-container\">\n\t\t\t\t<div id=\"singleListingMap\" data-latitude=\"6.661567\" data-longitude=\"-4.737538\" data-map-icon=\"im im-icon-Map2\"><\/div>\n\t\t\t\t<a href=\"#\" id=\"streetView\">Vue de la rue<\/a>\n\t\t\t<\/div>\n\n\t\t\t<!-- Office -->\n\t\t\t<div class=\"address-box-container\">\n\t\t\t\t<div class=\"address-container\" data-background-image=\"https:\/\/wordpress-722045-2402992.cloudwaysapps.com\/wp-content\/uploads\/2021\/09\/our-office.jpg\">\n\t\t\t\t\t<div class=\"office-address\">\n\t\t\t\t\t\t<h3>Notre Bureau<\/h3><ul><li>Cit\u00e9 Soghefia, rue entre l'\u00e9glise catholique et l'\u00e9glise CMA<\/li><li>Dimbokro, C\u00f4te d'Ivoire<\/li><li>T\u00e9l\u00e9phone (+225) 05 95 43 77 49<\/li><\/ul>\t\t\t\t\t<\/div>\n\t\t\t\t<\/div>\n\t\t\t<\/div>\n\n\t\t<\/div>\n\t\t<div class=\"clearfix\"><\/div>\t\t\t\t<\/div>\n\t\t\t\t<\/div>\n\t\t\t\t\t<\/div>\n\t\t<\/div>\n\t\t\t\t\t<\/div>\n\t\t<\/section>\n\t\t\t\t<section class=\"elementor-section elementor-top-section elementor-element elementor-element-27e2e526 elementor-section-full_width elementor-section-stretched elementor-section-height-default elementor-section-height-default\" data-id=\"27e2e526\" data-element_type=\"section\" data-e-type=\"section\" data-settings=\"{&quot;stretch_section&quot;:&quot;section-stretched&quot;}\">\n\t\t\t\t\t\t<div class=\"elementor-container elementor-column-gap-default\">\n\t\t\t\t\t<div class=\"elementor-column elementor-col-25 elementor-top-column elementor-element elementor-element-6ccd4c3b\" data-id=\"6ccd4c3b\" data-element_type=\"column\" data-e-type=\"column\">\n\t\t\t<div class=\"elementor-widget-wrap\">\n\t\t\t\t\t\t\t<\/div>\n\t\t<\/div>\n\t\t\t\t<div class=\"elementor-column elementor-col-50 elementor-top-column elementor-element elementor-element-dc8fe9\" data-id=\"dc8fe9\" data-element_type=\"column\" data-e-type=\"column\">\n\t\t\t<div class=\"elementor-widget-wrap elementor-element-populated\">\n\t\t\t\t\t\t<div class=\"elementor-element elementor-element-4bdfe173 elementor-widget elementor-widget-listeo-headline\" data-id=\"4bdfe173\" data-element_type=\"widget\" data-e-type=\"widget\" data-widget_type=\"listeo-headline.default\">\n\t\t\t\t<div class=\"elementor-widget-container\">\n\t\t\t\t\t\t\t<h4 \n\t\tstyle=\"text-align:left;\" class=\"headline  headline-aligned-to-left  headline-box \"> Formulaire de contact <\/h4>\n\t\t\t\t\t\t<\/div>\n\t\t\t\t<\/div>\n\t\t\t\t<div class=\"elementor-element elementor-element-620356f5 elementor-widget elementor-widget-text-editor\" data-id=\"620356f5\" data-element_type=\"widget\" data-e-type=\"widget\" data-widget_type=\"text-editor.default\">\n\t\t\t\t<div class=\"elementor-widget-container\">\n\t\t\t\t\t\t\t\t\t<p>(insert contact form here)<\/p>\t\t\t\t\t\t\t\t<\/div>\n\t\t\t\t<\/div>\n\t\t\t\t\t<\/div>\n\t\t<\/div>\n\t\t\t\t<div class=\"elementor-column elementor-col-25 elementor-top-column elementor-element elementor-element-161b5b6f\" data-id=\"161b5b6f\" data-element_type=\"column\" data-e-type=\"column\">\n\t\t\t<div class=\"elementor-widget-wrap\">\n\t\t\t\t\t\t\t<\/div>\n\t\t<\/div>\n\t\t\t\t\t<\/div>\n\t\t<\/section>\n\t\t\t\t<\/div>\n\t\t","protected":false},"excerpt":{"rendered":"<p>Street View Notre Bureau Cit\u00e9 Soghefia, rue entre l&#8217;\u00e9glise catholique et l&#8217;\u00e9glise CMA Dimbokro, C\u00f4te d&#8217;Ivoire T\u00e9l\u00e9phone (+225) 05 95 43 77 49 Formulaire de contact (insert contact form here)<\/p>\n","protected":false},"author":1,"featured_media":0,"parent":0,"menu_order":0,"comment_status":"closed","ping_status":"closed","template":"","meta":{"footnotes":""},"class_list":["post-134","page","type-page","status-publish","hentry"],"yoast_head":"<!-- This site is optimized with the Yoast SEO plugin v27.4 - https:\/\/yoast.com\/product\/yoast-seo-wordpress\/ -->\n<title>Contact - regiondunzi.com<\/title>\n<meta name=\"robots\" content=\"index, follow, max-snippet:-1, max-image-preview:large, max-video-preview:-1\" \/>\n<link rel=\"canonical\" href=\"https:\/\/regiondunzi.com\/?page_id=134\" \/>\n<meta property=\"og:locale\" content=\"fr_FR\" \/>\n<meta property=\"og:type\" content=\"article\" \/>\n<meta property=\"og:title\" content=\"Contact - regiondunzi.com\" \/>\n<meta property=\"og:description\" content=\"Street View Notre Bureau Cit\u00e9 Soghefia, rue entre l&#8217;\u00e9glise catholique et l&#8217;\u00e9glise CMA Dimbokro, C\u00f4te d&#8217;Ivoire T\u00e9l\u00e9phone (+225) 05 95 43 77 49 Formulaire de contact (insert contact form here)\" \/>\n<meta property=\"og:url\" content=\"https:\/\/regiondunzi.com\/?page_id=134\" \/>\n<meta property=\"og:site_name\" content=\"regiondunzi.com\" \/>\n<meta property=\"article:modified_time\" content=\"2026-03-25T18:59:05+00:00\" \/>\n<meta name=\"twitter:card\" content=\"summary_large_image\" \/>\n<meta name=\"twitter:label1\" content=\"Dur\u00e9e de lecture estim\u00e9e\" \/>\n\t<meta name=\"twitter:data1\" content=\"1 minute\" \/>\n<script type=\"application\/ld+json\" class=\"yoast-schema-graph\">{\"@context\":\"https:\\\/\\\/schema.org\",\"@graph\":[{\"@type\":\"WebPage\",\"@id\":\"https:\\\/\\\/regiondunzi.com\\\/?page_id=134\",\"url\":\"https:\\\/\\\/regiondunzi.com\\\/?page_id=134\",\"name\":\"Contact - regiondunzi.com\",\"isPartOf\":{\"@id\":\"https:\\\/\\\/regiondunzi.com\\\/#website\"},\"datePublished\":\"2021-09-17T10:33:12+00:00\",\"dateModified\":\"2026-03-25T18:59:05+00:00\",\"breadcrumb\":{\"@id\":\"https:\\\/\\\/regiondunzi.com\\\/?page_id=134#breadcrumb\"},\"inLanguage\":\"fr-FR\",\"potentialAction\":[{\"@type\":\"ReadAction\",\"target\":[\"https:\\\/\\\/regiondunzi.com\\\/?page_id=134\"]}]},{\"@type\":\"BreadcrumbList\",\"@id\":\"https:\\\/\\\/regiondunzi.com\\\/?page_id=134#breadcrumb\",\"itemListElement\":[{\"@type\":\"ListItem\",\"position\":1,\"name\":\"Home\",\"item\":\"https:\\\/\\\/regiondunzi.com\\\/\"},{\"@type\":\"ListItem\",\"position\":2,\"name\":\"Contact\"}]},{\"@type\":\"WebSite\",\"@id\":\"https:\\\/\\\/regiondunzi.com\\\/#website\",\"url\":\"https:\\\/\\\/regiondunzi.com\\\/\",\"name\":\"regiondunzi.com\",\"description\":\"Guide digital de la R\u00e9gion du N&#039;zi\",\"publisher\":{\"@id\":\"https:\\\/\\\/regiondunzi.com\\\/#organization\"},\"potentialAction\":[{\"@type\":\"SearchAction\",\"target\":{\"@type\":\"EntryPoint\",\"urlTemplate\":\"https:\\\/\\\/regiondunzi.com\\\/?s={search_term_string}\"},\"query-input\":{\"@type\":\"PropertyValueSpecification\",\"valueRequired\":true,\"valueName\":\"search_term_string\"}}],\"inLanguage\":\"fr-FR\"},{\"@type\":\"Organization\",\"@id\":\"https:\\\/\\\/regiondunzi.com\\\/#organization\",\"name\":\"regiondunzi.com\",\"url\":\"https:\\\/\\\/regiondunzi.com\\\/\",\"logo\":{\"@type\":\"ImageObject\",\"inLanguage\":\"fr-FR\",\"@id\":\"https:\\\/\\\/regiondunzi.com\\\/#\\\/schema\\\/logo\\\/image\\\/\",\"url\":\"https:\\\/\\\/regiondunzi.com\\\/wp-content\\\/uploads\\\/2026\\\/03\\\/Logo-regiondunzi.com_-scaled.png\",\"contentUrl\":\"https:\\\/\\\/regiondunzi.com\\\/wp-content\\\/uploads\\\/2026\\\/03\\\/Logo-regiondunzi.com_-scaled.png\",\"width\":2560,\"height\":1437,\"caption\":\"regiondunzi.com\"},\"image\":{\"@id\":\"https:\\\/\\\/regiondunzi.com\\\/#\\\/schema\\\/logo\\\/image\\\/\"}}]}<\/script>\n<!-- \/ Yoast SEO plugin. -->","yoast_head_json":{"title":"Contact - regiondunzi.com","robots":{"index":"index","follow":"follow","max-snippet":"max-snippet:-1","max-image-preview":"max-image-preview:large","max-video-preview":"max-video-preview:-1"},"canonical":"https:\/\/regiondunzi.com\/?page_id=134","og_locale":"fr_FR","og_type":"article","og_title":"Contact - regiondunzi.com","og_description":"Street View Notre Bureau Cit\u00e9 Soghefia, rue entre l&#8217;\u00e9glise catholique et l&#8217;\u00e9glise CMA Dimbokro, C\u00f4te d&#8217;Ivoire T\u00e9l\u00e9phone (+225) 05 95 43 77 49 Formulaire de contact (insert contact form here)","og_url":"https:\/\/regiondunzi.com\/?page_id=134","og_site_name":"regiondunzi.com","article_modified_time":"2026-03-25T18:59:05+00:00","twitter_card":"summary_large_image","twitter_misc":{"Dur\u00e9e de lecture estim\u00e9e":"1 minute"},"schema":{"@context":"https:\/\/schema.org","@graph":[{"@type":"WebPage","@id":"https:\/\/regiondunzi.com\/?page_id=134","url":"https:\/\/regiondunzi.com\/?page_id=134","name":"Contact - regiondunzi.com","isPartOf":{"@id":"https:\/\/regiondunzi.com\/#website"},"datePublished":"2021-09-17T10:33:12+00:00","dateModified":"2026-03-25T18:59:05+00:00","breadcrumb":{"@id":"https:\/\/regiondunzi.com\/?page_id=134#breadcrumb"},"inLanguage":"fr-FR","potentialAction":[{"@type":"ReadAction","target":["https:\/\/regiondunzi.com\/?page_id=134"]}]},{"@type":"BreadcrumbList","@id":"https:\/\/regiondunzi.com\/?page_id=134#breadcrumb","itemListElement":[{"@type":"ListItem","position":1,"name":"Home","item":"https:\/\/regiondunzi.com\/"},{"@type":"ListItem","position":2,"name":"Contact"}]},{"@type":"WebSite","@id":"https:\/\/regiondunzi.com\/#website","url":"https:\/\/regiondunzi.com\/","name":"regiondunzi.com","description":"Guide digital de la R\u00e9gion du N&#039;zi","publisher":{"@id":"https:\/\/regiondunzi.com\/#organization"},"potentialAction":[{"@type":"SearchAction","target":{"@type":"EntryPoint","urlTemplate":"https:\/\/regiondunzi.com\/?s={search_term_string}"},"query-input":{"@type":"PropertyValueSpecification","valueRequired":true,"valueName":"search_term_string"}}],"inLanguage":"fr-FR"},{"@type":"Organization","@id":"https:\/\/regiondunzi.com\/#organization","name":"regiondunzi.com","url":"https:\/\/regiondunzi.com\/","logo":{"@type":"ImageObject","inLanguage":"fr-FR","@id":"https:\/\/regiondunzi.com\/#\/schema\/logo\/image\/","url":"https:\/\/regiondunzi.com\/wp-content\/uploads\/2026\/03\/Logo-regiondunzi.com_-scaled.png","contentUrl":"https:\/\/regiondunzi.com\/wp-content\/uploads\/2026\/03\/Logo-regiondunzi.com_-scaled.png","width":2560,"height":1437,"caption":"regiondunzi.com"},"image":{"@id":"https:\/\/regiondunzi.com\/#\/schema\/logo\/image\/"}}]}},"_links":{"self":[{"href":"https:\/\/regiondunzi.com\/index.php?rest_route=\/wp\/v2\/pages\/134","targetHints":{"allow":["GET"]}}],"collection":[{"href":"https:\/\/regiondunzi.com\/index.php?rest_route=\/wp\/v2\/pages"}],"about":[{"href":"https:\/\/regiondunzi.com\/index.php?rest_route=\/wp\/v2\/types\/page"}],"author":[{"embeddable":true,"href":"https:\/\/regiondunzi.com\/index.php?rest_route=\/wp\/v2\/users\/1"}],"replies":[{"embeddable":true,"href":"https:\/\/regiondunzi.com\/index.php?rest_route=%2Fwp%2Fv2%2Fcomments&post=134"}],"version-history":[{"count":6,"href":"https:\/\/regiondunzi.com\/index.php?rest_route=\/wp\/v2\/pages\/134\/revisions"}],"predecessor-version":[{"id":348,"href":"https:\/\/regiondunzi.com\/index.php?rest_route=\/wp\/v2\/pages\/134\/revisions\/348"}],"wp:attachment":[{"href":"https:\/\/regiondunzi.com\/index.php?rest_route=%2Fwp%2Fv2%2Fmedia&parent=134"}],"curies":[{"name":"wp","href":"https:\/\/api.w.org\/{rel}","templated":true}]}}